{"id":1144,"date":"2020-11-03T13:00:38","date_gmt":"2020-11-03T13:00:38","guid":{"rendered":"https:\/\/belia.digital-media.gr\/winery-home\/"},"modified":"2022-04-21T09:40:15","modified_gmt":"2022-04-21T09:40:15","slug":"winery-home","status":"publish","type":"page","link":"https:\/\/www.belia.gr\/de\/","title":{"rendered":"Startseite"},"content":{"rendered":"<div class=\"fusion-bg-parallax\" data-bg-align=\"center top\" data-direction=\"down\" data-mute=\"false\" data-opacity=\"100\" data-velocity=\"-0.3\" data-mobile-enabled=\"false\" data-break_parents=\"0\" data-bg-image=\"https:\/\/belia.gr\/wp-content\/uploads\/2022\/04\/parallax4new.jpg\" data-bg-repeat=\"false\" data-bg-color=\"var(--awb-color7)\" ><\/div><div class=\"fusion-fullwidth fullwidth-box fusion-builder-row-1 fusion-flex-container fusion-parallax-down nonhundred-percent-fullwidth non-hundred-percent-height-scrolling lazyload\" style=\"background-color: var(--awb-color7);background-position: center top;background-repeat: no-repeat;border-width: 0px 0px 0px 0px;border-color:var(--awb-color3);border-style:solid;-webkit-background-size:cover;-moz-background-size:cover;-o-background-size:cover;background-size:cover;\" data-bg=\"https:\/\/belia.gr\/wp-content\/uploads\/2022\/04\/parallax4new.jpg\" ><div class=\"fusion-builder-row fusion-row fusion-flex-align-items-flex-start\" style=\"max-width:1248px;margin-left: calc(-4% \/ 2 );margin-right: calc(-4% \/ 2 );\"><div class=\"fusion-layout-column fusion_builder_column fusion-builder-column-0 fusion_builder_column_1_1 1_1 fusion-flex-column\"><div class=\"fusion-column-wrapper fusion-flex-justify-content-flex-start fusion-content-layout-column\" style=\"background-position:left top;background-repeat:no-repeat;-webkit-background-size:cover;-moz-background-size:cover;-o-background-size:cover;background-size:cover;padding: 0px 80px 0px 0px;\"><div class=\"fusion-text fusion-text-1 sm-text-align-center\" style=\"text-align:left;font-size:20px;line-height:var(--awb-typography2-line-height);letter-spacing:var(--awb-typography2-letter-spacing);text-transform:var(--awb-typography2-text-transform);color:var(--awb-color1);font-family:&quot;Montserrat&quot;;font-weight:400;\"><p style=\"text-align: center;\">Wir wissen was Qualit\u00e4t ist. Wir laden Sie ein sie zu erleben.<\/p>\n<\/div><div class=\"fusion-text fusion-text-2 sm-text-align-center\" style=\"text-align:left;font-size:16x;color:var(--awb-color1);\"><p style=\"text-align: center;\">Un\u00fcbertreffliches Aroma. Unvergesslicher Geschmack.<br \/>\n\u00c4u\u00dferst niedriger S\u00e4uregehalt (&lt;0,3 %).<\/p>\n<p style=\"text-align: center;\">Das ist Beli\u00e1 Premium natives Oliven\u00f6l.<\/p>\n<p style=\"text-align: center;\">Wir w\u00fcrden Sie sehr gerne in unserer Welt willkommen hei\u00dfen.<br \/>\nIn einer Welt von gro\u00dfartiger Qualit\u00e4t, voll von frischem Aroma und reichem, fruchtigem Geschmack.<\/p>\n<p style=\"text-align: center;\">Also kommen Sie an Bord, schlie\u00dfen Sie sich uns an. Leben Sie unsere Vision, \u201ekosten\u201c Sie unsere Leidenschaft.<\/p>\n<\/div><\/div><style type=\"text\/css\">.fusion-body .fusion-builder-column-0{width:100% !important;margin-top : 0px;margin-bottom : 0px;}.fusion-builder-column-0 > .fusion-column-wrapper {padding-top : 0px !important;padding-right : 80px !important;margin-right : 1.92%;padding-bottom : 0px !important;padding-left : 0px !important;margin-left : 1.92%;}@media only screen and (max-width:1024px) {.fusion-body .fusion-builder-column-0{width:100% !important;order : 0;}.fusion-builder-column-0 > .fusion-column-wrapper {margin-right : 1.92%;margin-left : 1.92%;}}@media only screen and (max-width:640px) {.fusion-body .fusion-builder-column-0{width:100% !important;order : 0;}.fusion-builder-column-0 > .fusion-column-wrapper {padding-right : 0px !important;margin-right : 1.92%;margin-left : 1.92%;}}<\/style><\/div><\/div><style type=\"text\/css\">.fusion-body .fusion-flex-container.fusion-builder-row-1{ padding-top : 160px;margin-top : 0px;padding-right : 0px;padding-bottom : 160px;margin-bottom : 0px;padding-left : 0px;}<\/style><\/div><div class=\"fusion-fullwidth fullwidth-box fusion-builder-row-2 fusion-flex-container nonhundred-percent-fullwidth non-hundred-percent-height-scrolling\" style=\"background-color: rgba(255,255,255,0);background-position: center center;background-repeat: no-repeat;border-width: 0px 0px 0px 0px;border-color:var(--awb-color3);border-style:solid;\" ><div class=\"fusion-builder-row fusion-row fusion-flex-align-items-flex-start\" style=\"max-width:1248px;margin-left: calc(-4% \/ 2 );margin-right: calc(-4% \/ 2 );\"><div class=\"fusion-layout-column fusion_builder_column fusion-builder-column-1 fusion_builder_column_1_1 1_1 fusion-flex-column\"><div class=\"fusion-column-wrapper fusion-flex-justify-content-flex-start fusion-content-layout-column\" style=\"background-position:left top;background-repeat:no-repeat;-webkit-background-size:cover;-moz-background-size:cover;-o-background-size:cover;background-size:cover;padding: 0px 0px 0px 0px;\"><style type=\"text\/css\">@media only screen and (max-width:1024px) {.fusion-title.fusion-title-1{margin-top:20px!important; margin-right:0px!important;margin-bottom:20px!important;margin-left:0px!important;}}@media only screen and (max-width:640px) {.fusion-title.fusion-title-1{margin-top:10px!important; margin-right:0px!important;margin-bottom:10px!important; margin-left:0px!important;}}<\/style><div class=\"fusion-title title fusion-title-1 fusion-sep-none fusion-title-center fusion-title-text fusion-title-size-five\" style=\"font-size:40px;margin-top:20px;margin-right:0px;margin-bottom:20px;margin-left:0px;\"><h5 class=\"title-heading-center\" style=\"font-family:&quot;Montserrat&quot;;font-weight:400;margin:0;font-size:1em;color:var(--awb-color8);line-height:1em;\">Gallery<\/h5><\/div><style type=\"text\/css\">.fusion-gallery-1 .fusion-gallery-image {border:0px solid var(--awb-color3);}<\/style><div class=\"fusion-gallery fusion-gallery-container fusion-grid-3 fusion-columns-total-6 fusion-gallery-layout-grid fusion-gallery-1\" style=\"margin:-10px;\"><div style=\"padding:10px;\" class=\"fusion-grid-column fusion-gallery-column fusion-gallery-column-3 hover-type-zoomin\"><div class=\"fusion-gallery-image\"><a href=\"https:\/\/www.belia.gr\/wp-content\/uploads\/2022\/04\/gal1.jpg\" rel=\"noreferrer\" data-rel=\"iLightbox[gallery_image_1]\" class=\"fusion-lightbox\" target=\"_self\"><img decoding=\"async\" src=\"https:\/\/www.belia.gr\/wp-content\/uploads\/2022\/04\/gal1.jpg\" data-orig-src=\"https:\/\/www.belia.gr\/wp-content\/uploads\/2022\/04\/gal1.jpg\" width=\"900\" height=\"686\" alt=\"\" title=\"gal1\" aria-label=\"gal1\" class=\"lazyload img-responsive wp-image-796\" srcset=\"data:image\/svg+xml,%3Csvg%20xmlns%3D%27http%3A%2F%2Fwww.w3.org%2F2000%2Fsvg%27%20width%3D%27900%27%20height%3D%27686%27%20viewBox%3D%270%200%20900%20686%27%3E%3Crect%20width%3D%27900%27%20height%3D%27686%27%20fill-opacity%3D%220%22%2F%3E%3C%2Fsvg%3E\" data-srcset=\"https:\/\/www.belia.gr\/wp-content\/uploads\/2022\/04\/gal1-200x152.jpg 200w, https:\/\/www.belia.gr\/wp-content\/uploads\/2022\/04\/gal1-400x305.jpg 400w, https:\/\/www.belia.gr\/wp-content\/uploads\/2022\/04\/gal1-600x457.jpg 600w, https:\/\/www.belia.gr\/wp-content\/uploads\/2022\/04\/gal1-800x610.jpg 800w, https:\/\/www.belia.gr\/wp-content\/uploads\/2022\/04\/gal1.jpg 900w\" data-sizes=\"auto\" data-orig-sizes=\"(min-width: 2200px) 100vw, (min-width: 784px) 393px, (min-width: 712px) 590px, (min-width: 640px) 712px, \" \/><\/a><\/div><\/div><div style=\"padding:10px;\" class=\"fusion-grid-column fusion-gallery-column fusion-gallery-column-3 hover-type-zoomin\"><div class=\"fusion-gallery-image\"><a href=\"https:\/\/www.belia.gr\/wp-content\/uploads\/2022\/04\/gal2.jpg\" rel=\"noreferrer\" data-rel=\"iLightbox[gallery_image_1]\" class=\"fusion-lightbox\" target=\"_self\"><img decoding=\"async\" src=\"https:\/\/www.belia.gr\/wp-content\/uploads\/2022\/04\/gal2.jpg\" data-orig-src=\"https:\/\/www.belia.gr\/wp-content\/uploads\/2022\/04\/gal2.jpg\" width=\"900\" height=\"686\" alt=\"\" title=\"gal2\" aria-label=\"gal2\" class=\"lazyload img-responsive wp-image-799\" srcset=\"data:image\/svg+xml,%3Csvg%20xmlns%3D%27http%3A%2F%2Fwww.w3.org%2F2000%2Fsvg%27%20width%3D%27900%27%20height%3D%27686%27%20viewBox%3D%270%200%20900%20686%27%3E%3Crect%20width%3D%27900%27%20height%3D%27686%27%20fill-opacity%3D%220%22%2F%3E%3C%2Fsvg%3E\" data-srcset=\"https:\/\/www.belia.gr\/wp-content\/uploads\/2022\/04\/gal2-200x152.jpg 200w, https:\/\/www.belia.gr\/wp-content\/uploads\/2022\/04\/gal2-400x305.jpg 400w, https:\/\/www.belia.gr\/wp-content\/uploads\/2022\/04\/gal2-600x457.jpg 600w, https:\/\/www.belia.gr\/wp-content\/uploads\/2022\/04\/gal2-800x610.jpg 800w, https:\/\/www.belia.gr\/wp-content\/uploads\/2022\/04\/gal2.jpg 900w\" data-sizes=\"auto\" data-orig-sizes=\"(min-width: 2200px) 100vw, (min-width: 784px) 393px, (min-width: 712px) 590px, (min-width: 640px) 712px, \" \/><\/a><\/div><\/div><div style=\"padding:10px;\" class=\"fusion-grid-column fusion-gallery-column fusion-gallery-column-3 hover-type-zoomin\"><div class=\"fusion-gallery-image\"><a href=\"https:\/\/www.belia.gr\/wp-content\/uploads\/2022\/04\/gal3.jpg\" rel=\"noreferrer\" data-rel=\"iLightbox[gallery_image_1]\" class=\"fusion-lightbox\" target=\"_self\"><img decoding=\"async\" src=\"https:\/\/www.belia.gr\/wp-content\/uploads\/2022\/04\/gal3.jpg\" data-orig-src=\"https:\/\/www.belia.gr\/wp-content\/uploads\/2022\/04\/gal3.jpg\" width=\"900\" height=\"686\" alt=\"\" title=\"gal3\" aria-label=\"gal3\" class=\"lazyload img-responsive wp-image-802\" srcset=\"data:image\/svg+xml,%3Csvg%20xmlns%3D%27http%3A%2F%2Fwww.w3.org%2F2000%2Fsvg%27%20width%3D%27900%27%20height%3D%27686%27%20viewBox%3D%270%200%20900%20686%27%3E%3Crect%20width%3D%27900%27%20height%3D%27686%27%20fill-opacity%3D%220%22%2F%3E%3C%2Fsvg%3E\" data-srcset=\"https:\/\/www.belia.gr\/wp-content\/uploads\/2022\/04\/gal3-200x152.jpg 200w, https:\/\/www.belia.gr\/wp-content\/uploads\/2022\/04\/gal3-400x305.jpg 400w, https:\/\/www.belia.gr\/wp-content\/uploads\/2022\/04\/gal3-600x457.jpg 600w, https:\/\/www.belia.gr\/wp-content\/uploads\/2022\/04\/gal3-800x610.jpg 800w, https:\/\/www.belia.gr\/wp-content\/uploads\/2022\/04\/gal3.jpg 900w\" data-sizes=\"auto\" data-orig-sizes=\"(min-width: 2200px) 100vw, (min-width: 784px) 393px, (min-width: 712px) 590px, (min-width: 640px) 712px, \" \/><\/a><\/div><\/div><div class=\"clearfix\"><\/div><div style=\"padding:10px;\" class=\"fusion-grid-column fusion-gallery-column fusion-gallery-column-3 hover-type-zoomin\"><div class=\"fusion-gallery-image\"><a href=\"https:\/\/www.belia.gr\/wp-content\/uploads\/2022\/04\/gal4.jpg\" rel=\"noreferrer\" data-rel=\"iLightbox[gallery_image_1]\" class=\"fusion-lightbox\" target=\"_self\"><img decoding=\"async\" src=\"https:\/\/www.belia.gr\/wp-content\/uploads\/2022\/04\/gal4.jpg\" data-orig-src=\"https:\/\/www.belia.gr\/wp-content\/uploads\/2022\/04\/gal4.jpg\" width=\"900\" height=\"686\" alt=\"\" title=\"gal4\" aria-label=\"gal4\" class=\"lazyload img-responsive wp-image-805\" srcset=\"data:image\/svg+xml,%3Csvg%20xmlns%3D%27http%3A%2F%2Fwww.w3.org%2F2000%2Fsvg%27%20width%3D%27900%27%20height%3D%27686%27%20viewBox%3D%270%200%20900%20686%27%3E%3Crect%20width%3D%27900%27%20height%3D%27686%27%20fill-opacity%3D%220%22%2F%3E%3C%2Fsvg%3E\" data-srcset=\"https:\/\/www.belia.gr\/wp-content\/uploads\/2022\/04\/gal4-200x152.jpg 200w, https:\/\/www.belia.gr\/wp-content\/uploads\/2022\/04\/gal4-400x305.jpg 400w, https:\/\/www.belia.gr\/wp-content\/uploads\/2022\/04\/gal4-600x457.jpg 600w, https:\/\/www.belia.gr\/wp-content\/uploads\/2022\/04\/gal4-800x610.jpg 800w, https:\/\/www.belia.gr\/wp-content\/uploads\/2022\/04\/gal4.jpg 900w\" data-sizes=\"auto\" data-orig-sizes=\"(min-width: 2200px) 100vw, (min-width: 784px) 393px, (min-width: 712px) 590px, (min-width: 640px) 712px, \" \/><\/a><\/div><\/div><div style=\"padding:10px;\" class=\"fusion-grid-column fusion-gallery-column fusion-gallery-column-3 hover-type-zoomin\"><div class=\"fusion-gallery-image\"><a href=\"https:\/\/www.belia.gr\/wp-content\/uploads\/2022\/04\/gal6.jpg\" rel=\"noreferrer\" data-rel=\"iLightbox[gallery_image_1]\" class=\"fusion-lightbox\" target=\"_self\"><img decoding=\"async\" src=\"https:\/\/www.belia.gr\/wp-content\/uploads\/2022\/04\/gal6.jpg\" data-orig-src=\"https:\/\/www.belia.gr\/wp-content\/uploads\/2022\/04\/gal6.jpg\" width=\"900\" height=\"686\" alt=\"\" title=\"gal6\" aria-label=\"gal6\" class=\"lazyload img-responsive wp-image-811\" srcset=\"data:image\/svg+xml,%3Csvg%20xmlns%3D%27http%3A%2F%2Fwww.w3.org%2F2000%2Fsvg%27%20width%3D%27900%27%20height%3D%27686%27%20viewBox%3D%270%200%20900%20686%27%3E%3Crect%20width%3D%27900%27%20height%3D%27686%27%20fill-opacity%3D%220%22%2F%3E%3C%2Fsvg%3E\" data-srcset=\"https:\/\/www.belia.gr\/wp-content\/uploads\/2022\/04\/gal6-200x152.jpg 200w, https:\/\/www.belia.gr\/wp-content\/uploads\/2022\/04\/gal6-400x305.jpg 400w, https:\/\/www.belia.gr\/wp-content\/uploads\/2022\/04\/gal6-600x457.jpg 600w, https:\/\/www.belia.gr\/wp-content\/uploads\/2022\/04\/gal6-800x610.jpg 800w, https:\/\/www.belia.gr\/wp-content\/uploads\/2022\/04\/gal6.jpg 900w\" data-sizes=\"auto\" data-orig-sizes=\"(min-width: 2200px) 100vw, (min-width: 784px) 393px, (min-width: 712px) 590px, (min-width: 640px) 712px, \" \/><\/a><\/div><\/div><div style=\"padding:10px;\" class=\"fusion-grid-column fusion-gallery-column fusion-gallery-column-3 hover-type-zoomin\"><div class=\"fusion-gallery-image\"><a href=\"https:\/\/www.belia.gr\/wp-content\/uploads\/2022\/04\/gal8.jpg\" rel=\"noreferrer\" data-rel=\"iLightbox[gallery_image_1]\" class=\"fusion-lightbox\" target=\"_self\"><img decoding=\"async\" src=\"https:\/\/www.belia.gr\/wp-content\/uploads\/2022\/04\/gal8.jpg\" data-orig-src=\"https:\/\/www.belia.gr\/wp-content\/uploads\/2022\/04\/gal8.jpg\" width=\"900\" height=\"686\" alt=\"\" title=\"gal8\" aria-label=\"gal8\" class=\"lazyload img-responsive wp-image-814\" srcset=\"data:image\/svg+xml,%3Csvg%20xmlns%3D%27http%3A%2F%2Fwww.w3.org%2F2000%2Fsvg%27%20width%3D%27900%27%20height%3D%27686%27%20viewBox%3D%270%200%20900%20686%27%3E%3Crect%20width%3D%27900%27%20height%3D%27686%27%20fill-opacity%3D%220%22%2F%3E%3C%2Fsvg%3E\" data-srcset=\"https:\/\/www.belia.gr\/wp-content\/uploads\/2022\/04\/gal8-200x152.jpg 200w, https:\/\/www.belia.gr\/wp-content\/uploads\/2022\/04\/gal8-400x305.jpg 400w, https:\/\/www.belia.gr\/wp-content\/uploads\/2022\/04\/gal8-600x457.jpg 600w, https:\/\/www.belia.gr\/wp-content\/uploads\/2022\/04\/gal8-800x610.jpg 800w, https:\/\/www.belia.gr\/wp-content\/uploads\/2022\/04\/gal8.jpg 900w\" data-sizes=\"auto\" data-orig-sizes=\"(min-width: 2200px) 100vw, (min-width: 784px) 393px, (min-width: 712px) 590px, (min-width: 640px) 712px, \" \/><\/a><\/div><\/div><div class=\"clearfix\"><\/div><\/div><\/div><style type=\"text\/css\">.fusion-body .fusion-builder-column-1{width:100% !important;margin-top : 0px;margin-bottom : 20px;}.fusion-builder-column-1 > .fusion-column-wrapper {padding-top : 0px !important;padding-right : 0px !important;margin-right : 1.92%;padding-bottom : 0px !important;padding-left : 0px !important;margin-left : 1.92%;}@media only screen and (max-width:1024px) {.fusion-body .fusion-builder-column-1{width:100% !important;order : 0;}.fusion-builder-column-1 > .fusion-column-wrapper {margin-right : 1.92%;margin-left : 1.92%;}}@media only screen and (max-width:640px) {.fusion-body .fusion-builder-column-1{width:100% !important;order : 0;}.fusion-builder-column-1 > .fusion-column-wrapper {margin-right : 1.92%;margin-left : 1.92%;}}<\/style><\/div><\/div><style type=\"text\/css\">.fusion-body .fusion-flex-container.fusion-builder-row-2{ padding-top : 40px;margin-top : 0px;padding-right : 0px;padding-bottom : 40px;margin-bottom : 0px;padding-left : 0px;}<\/style><\/div>\n","protected":false},"excerpt":{"rendered":"Wir wissen was Qualit\u00e4t ist. Wir laden Sie ein sie [...]","protected":false},"author":1,"featured_media":0,"parent":0,"menu_order":0,"comment_status":"closed","ping_status":"closed","template":"100-width.php","meta":{"footnotes":""},"class_list":["post-1144","page","type-page","status-publish","hentry"],"acf":[],"yoast_head":"<!-- This site is optimized with the Yoast SEO Premium plugin v15.7 - https:\/\/yoast.com\/wordpress\/plugins\/seo\/ -->\n<title>Startseite - Beli\u00e1 Premium Olive Oil<\/title>\n<meta name=\"robots\" content=\"index, follow, max-snippet:-1, max-image-preview:large, max-video-preview:-1\" \/>\n<link rel=\"canonical\" href=\"https:\/\/www.belia.gr\/de\/\" \/>\n<meta property=\"og:locale\" content=\"de_DE\" \/>\n<meta property=\"og:type\" content=\"article\" \/>\n<meta property=\"og:title\" content=\"Startseite - Beli\u00e1 Premium Olive Oil\" \/>\n<meta property=\"og:url\" content=\"https:\/\/www.belia.gr\/de\/\" \/>\n<meta property=\"og:site_name\" content=\"Beli\u00e1 Premium Olive Oil\" \/>\n<meta property=\"article:modified_time\" content=\"2022-04-21T09:40:15+00:00\" \/>\n<meta name=\"twitter:card\" content=\"summary_large_image\" \/>\n<meta name=\"twitter:label1\" content=\"Gesch\u00e4tzte Lesezeit\">\n\t<meta name=\"twitter:data1\" content=\"9\u00a0Minuten\">\n<script type=\"application\/ld+json\" class=\"yoast-schema-graph\">{\"@context\":\"https:\/\/schema.org\",\"@graph\":[{\"@type\":\"Organization\",\"@id\":\"https:\/\/www.belia.gr\/de\/#organization\",\"name\":\"belia.gr\",\"url\":\"https:\/\/www.belia.gr\/de\/\",\"sameAs\":[],\"logo\":{\"@type\":\"ImageObject\",\"@id\":\"https:\/\/www.belia.gr\/de\/#logo\",\"inLanguage\":\"de\",\"url\":\"https:\/\/www.belia.gr\/wp-content\/uploads\/2022\/04\/belia_logo120x78.png\",\"width\":120,\"height\":78,\"caption\":\"belia.gr\"},\"image\":{\"@id\":\"https:\/\/www.belia.gr\/de\/#logo\"}},{\"@type\":\"WebSite\",\"@id\":\"https:\/\/www.belia.gr\/de\/#website\",\"url\":\"https:\/\/www.belia.gr\/de\/\",\"name\":\"Beli\\u00e1 Premium Olive Oil\",\"description\":\"Greek Bio Olive Oil\",\"publisher\":{\"@id\":\"https:\/\/www.belia.gr\/de\/#organization\"},\"potentialAction\":[{\"@type\":\"SearchAction\",\"target\":\"https:\/\/www.belia.gr\/de\/?s={search_term_string}\",\"query-input\":\"required name=search_term_string\"}],\"inLanguage\":\"de\"},{\"@type\":\"WebPage\",\"@id\":\"https:\/\/www.belia.gr\/de\/#webpage\",\"url\":\"https:\/\/www.belia.gr\/de\/\",\"name\":\"Startseite - Beli\\u00e1 Premium Olive Oil\",\"isPartOf\":{\"@id\":\"https:\/\/www.belia.gr\/de\/#website\"},\"datePublished\":\"2020-11-03T13:00:38+00:00\",\"dateModified\":\"2022-04-21T09:40:15+00:00\",\"inLanguage\":\"de\",\"potentialAction\":[{\"@type\":\"ReadAction\",\"target\":[\"https:\/\/www.belia.gr\/de\/\"]}]}]}<\/script>\n<!-- \/ Yoast SEO Premium plugin. -->","_links":{"self":[{"href":"https:\/\/www.belia.gr\/de\/wp-json\/wp\/v2\/pages\/1144","targetHints":{"allow":["GET"]}}],"collection":[{"href":"https:\/\/www.belia.gr\/de\/wp-json\/wp\/v2\/pages"}],"about":[{"href":"https:\/\/www.belia.gr\/de\/wp-json\/wp\/v2\/types\/page"}],"author":[{"embeddable":true,"href":"https:\/\/www.belia.gr\/de\/wp-json\/wp\/v2\/users\/1"}],"replies":[{"embeddable":true,"href":"https:\/\/www.belia.gr\/de\/wp-json\/wp\/v2\/comments?post=1144"}],"version-history":[{"count":6,"href":"https:\/\/www.belia.gr\/de\/wp-json\/wp\/v2\/pages\/1144\/revisions"}],"predecessor-version":[{"id":1472,"href":"https:\/\/www.belia.gr\/de\/wp-json\/wp\/v2\/pages\/1144\/revisions\/1472"}],"wp:attachment":[{"href":"https:\/\/www.belia.gr\/de\/wp-json\/wp\/v2\/media?parent=1144"}],"curies":[{"name":"wp","href":"https:\/\/api.w.org\/{rel}","templated":true}]}}