{"id":1162,"date":"2022-04-19T13:14:12","date_gmt":"2022-04-19T13:14:12","guid":{"rendered":"https:\/\/belia.digital-media.gr\/o-elaionas-mas\/"},"modified":"2022-04-20T09:26:42","modified_gmt":"2022-04-20T09:26:42","slug":"unser-privater-olivenhain","status":"publish","type":"page","link":"https:\/\/www.belia.gr\/de\/ueber-uns\/unser-privater-olivenhain\/","title":{"rendered":"Unser privater Olivenhain"},"content":{"rendered":"<div class=\"fusion-fullwidth fullwidth-box fusion-builder-row-1 fusion-flex-container fusion-parallax-none nonhundred-percent-fullwidth non-hundred-percent-height-scrolling lazyload fusion-custom-z-index\" style=\"background-color: rgba(255,255,255,0);background-position: center bottom;background-repeat: no-repeat;border-width: 0px 0px 0px 0px;border-color:var(--awb-color3);border-style:solid;-webkit-background-size:cover;-moz-background-size:cover;-o-background-size:cover;background-size:cover;\" data-bg=\"https:\/\/belia.gr\/wp-content\/uploads\/2022\/04\/slide3.jpg\" ><div class=\"fusion-builder-row fusion-row fusion-flex-align-items-flex-start\" style=\"max-width:1248px;margin-left: calc(-4% \/ 2 );margin-right: calc(-4% \/ 2 );\"><div class=\"fusion-layout-column fusion_builder_column fusion-builder-column-0 fusion_builder_column_1_1 1_1 fusion-flex-column\"><div class=\"fusion-column-wrapper fusion-flex-justify-content-flex-start fusion-content-layout-column\" style=\"background-position:left top;background-repeat:no-repeat;-webkit-background-size:cover;-moz-background-size:cover;-o-background-size:cover;background-size:cover;background-color:rgba(0,0,0,0.42);padding: 0px 0px 0px 0px;\"><style type=\"text\/css\">@media only screen and (max-width:1024px) {.fusion-title.fusion-title-1{margin-top:20px!important; margin-right:0px!important;margin-bottom:20px!important;margin-left:0px!important;}}@media only screen and (max-width:640px) {.fusion-title.fusion-title-1{margin-top:10px!important; margin-right:0px!important;margin-bottom:10px!important; margin-left:0px!important;}}<\/style><div class=\"fusion-title title fusion-title-1 fusion-sep-none fusion-title-center fusion-title-text fusion-title-size-five\" style=\"font-size:40px;margin-top:20px;margin-right:0px;margin-bottom:20px;margin-left:0px;\"><h5 class=\"title-heading-center\" style=\"margin:0;font-size:1em;color:#ffffff;line-height:1em;\">Unser privater Olivenhain<\/h5><\/div><\/div><style type=\"text\/css\">.fusion-body .fusion-builder-column-0{width:100% !important;margin-top : 0px;margin-bottom : 413px;}.fusion-builder-column-0 > .fusion-column-wrapper {padding-top : 0px !important;padding-right : 0px !important;margin-right : 1.92%;padding-bottom : 0px !important;padding-left : 0px !important;margin-left : 1.92%;}@media only screen and (max-width:1024px) {.fusion-body .fusion-builder-column-0{width:100% !important;order : 0;margin-bottom : 0px;}.fusion-builder-column-0 > .fusion-column-wrapper {margin-right : 1.92%;margin-left : 1.92%;}}@media only screen and (max-width:640px) {.fusion-body .fusion-builder-column-0{width:100% !important;order : 0;}.fusion-builder-column-0 > .fusion-column-wrapper {margin-right : 1.92%;margin-left : 1.92%;}}<\/style><\/div><\/div><style type=\"text\/css\">.fusion-fullwidth.fusion-builder-row-1 { z-index:0 !important; }.fusion-body .fusion-flex-container.fusion-builder-row-1{ padding-top : 350px;margin-top : 0px;padding-right : 0px;padding-bottom : 0px;margin-bottom : 0px;padding-left : 0px;}@media only screen and (max-width:1024px) {.fusion-body .fusion-flex-container.fusion-builder-row-1{ padding-top : 200px;padding-bottom : 250px;}}@media only screen and (max-width:640px) {.fusion-body .fusion-flex-container.fusion-builder-row-1{ padding-top : 120px;padding-bottom : 200px;}}<\/style><\/div><div class=\"fusion-fullwidth fullwidth-box fusion-builder-row-2 fusion-flex-container hundred-percent-fullwidth non-hundred-percent-height-scrolling\" style=\"background-color: rgba(255,255,255,0);background-position: center center;background-repeat: no-repeat;border-width: 0px 0px 0px 0px;border-color:var(--awb-color3);border-style:solid;\" ><div class=\"fusion-builder-row fusion-row fusion-flex-align-items-stretch\" style=\"width:104% !important;max-width:104% !important;margin-left: calc(-4% \/ 2 );margin-right: calc(-4% \/ 2 );\"><div class=\"fusion-layout-column fusion_builder_column fusion-builder-column-1 fusion_builder_column_1_2 1_2 fusion-flex-column\"><div class=\"fusion-column-wrapper fusion-flex-justify-content-flex-start fusion-content-layout-column\" style=\"background-position:left center;background-repeat:no-repeat;-webkit-background-size:cover;-moz-background-size:cover;-o-background-size:cover;background-size:cover;padding: 0px 0px 0px 0px;\"><style type=\"text\/css\">.fusion-gallery-1 .fusion-gallery-image {border:0px solid var(--awb-color3);}<\/style><div class=\"fusion-gallery fusion-gallery-container fusion-grid-2 fusion-columns-total-4 fusion-gallery-layout-grid fusion-gallery-1\" style=\"margin:-5px;\"><div style=\"padding:5px;\" class=\"fusion-grid-column fusion-gallery-column fusion-gallery-column-2 hover-type-zoomin\"><div class=\"fusion-gallery-image\"><a href=\"https:\/\/www.belia.gr\/wp-content\/uploads\/2022\/04\/gallery-4.jpg\" rel=\"noreferrer\" data-rel=\"iLightbox[gallery_image_1]\" class=\"fusion-lightbox\" target=\"_self\"><img decoding=\"async\" src=\"https:\/\/www.belia.gr\/wp-content\/uploads\/2022\/04\/gallery-4.jpg\" data-orig-src=\"https:\/\/www.belia.gr\/wp-content\/uploads\/2022\/04\/gallery-4.jpg\" width=\"1500\" height=\"1000\" alt=\"\" title=\"gallery (4)\" aria-label=\"gallery (4)\" class=\"lazyload img-responsive wp-image-918\" srcset=\"data:image\/svg+xml,%3Csvg%20xmlns%3D%27http%3A%2F%2Fwww.w3.org%2F2000%2Fsvg%27%20width%3D%271500%27%20height%3D%271000%27%20viewBox%3D%270%200%201500%201000%27%3E%3Crect%20width%3D%271500%27%20height%3D%271000%27%20fill-opacity%3D%220%22%2F%3E%3C%2Fsvg%3E\" data-srcset=\"https:\/\/www.belia.gr\/wp-content\/uploads\/2022\/04\/gallery-4-200x133.jpg 200w, https:\/\/www.belia.gr\/wp-content\/uploads\/2022\/04\/gallery-4-400x267.jpg 400w, https:\/\/www.belia.gr\/wp-content\/uploads\/2022\/04\/gallery-4-600x400.jpg 600w, https:\/\/www.belia.gr\/wp-content\/uploads\/2022\/04\/gallery-4-800x533.jpg 800w, https:\/\/www.belia.gr\/wp-content\/uploads\/2022\/04\/gallery-4-1200x800.jpg 1200w, https:\/\/www.belia.gr\/wp-content\/uploads\/2022\/04\/gallery-4.jpg 1500w\" data-sizes=\"auto\" data-orig-sizes=\"(min-width: 2200px) 100vw, (min-width: 712px) 598px, (min-width: 640px) 712px, \" \/><\/a><\/div><\/div><div style=\"padding:5px;\" class=\"fusion-grid-column fusion-gallery-column fusion-gallery-column-2 hover-type-zoomin\"><div class=\"fusion-gallery-image\"><a href=\"https:\/\/www.belia.gr\/wp-content\/uploads\/2022\/04\/gallery-3.jpg\" rel=\"noreferrer\" data-rel=\"iLightbox[gallery_image_1]\" class=\"fusion-lightbox\" target=\"_self\"><img decoding=\"async\" src=\"https:\/\/www.belia.gr\/wp-content\/uploads\/2022\/04\/gallery-3.jpg\" data-orig-src=\"https:\/\/www.belia.gr\/wp-content\/uploads\/2022\/04\/gallery-3.jpg\" width=\"1500\" height=\"1000\" alt=\"\" title=\"gallery (3)\" aria-label=\"gallery (3)\" class=\"lazyload img-responsive wp-image-915\" srcset=\"data:image\/svg+xml,%3Csvg%20xmlns%3D%27http%3A%2F%2Fwww.w3.org%2F2000%2Fsvg%27%20width%3D%271500%27%20height%3D%271000%27%20viewBox%3D%270%200%201500%201000%27%3E%3Crect%20width%3D%271500%27%20height%3D%271000%27%20fill-opacity%3D%220%22%2F%3E%3C%2Fsvg%3E\" data-srcset=\"https:\/\/www.belia.gr\/wp-content\/uploads\/2022\/04\/gallery-3-200x133.jpg 200w, https:\/\/www.belia.gr\/wp-content\/uploads\/2022\/04\/gallery-3-400x267.jpg 400w, https:\/\/www.belia.gr\/wp-content\/uploads\/2022\/04\/gallery-3-600x400.jpg 600w, https:\/\/www.belia.gr\/wp-content\/uploads\/2022\/04\/gallery-3-800x533.jpg 800w, https:\/\/www.belia.gr\/wp-content\/uploads\/2022\/04\/gallery-3-1200x800.jpg 1200w, https:\/\/www.belia.gr\/wp-content\/uploads\/2022\/04\/gallery-3.jpg 1500w\" data-sizes=\"auto\" data-orig-sizes=\"(min-width: 2200px) 100vw, (min-width: 712px) 598px, (min-width: 640px) 712px, \" \/><\/a><\/div><\/div><div class=\"clearfix\"><\/div><div style=\"padding:5px;\" class=\"fusion-grid-column fusion-gallery-column fusion-gallery-column-2 hover-type-zoomin\"><div class=\"fusion-gallery-image\"><a href=\"https:\/\/www.belia.gr\/wp-content\/uploads\/2022\/04\/gallery-2.jpg\" rel=\"noreferrer\" data-rel=\"iLightbox[gallery_image_1]\" class=\"fusion-lightbox\" target=\"_self\"><img decoding=\"async\" src=\"https:\/\/www.belia.gr\/wp-content\/uploads\/2022\/04\/gallery-2.jpg\" data-orig-src=\"https:\/\/www.belia.gr\/wp-content\/uploads\/2022\/04\/gallery-2.jpg\" width=\"1500\" height=\"1000\" alt=\"\" title=\"gallery (2)\" aria-label=\"gallery (2)\" class=\"lazyload img-responsive wp-image-912\" srcset=\"data:image\/svg+xml,%3Csvg%20xmlns%3D%27http%3A%2F%2Fwww.w3.org%2F2000%2Fsvg%27%20width%3D%271500%27%20height%3D%271000%27%20viewBox%3D%270%200%201500%201000%27%3E%3Crect%20width%3D%271500%27%20height%3D%271000%27%20fill-opacity%3D%220%22%2F%3E%3C%2Fsvg%3E\" data-srcset=\"https:\/\/www.belia.gr\/wp-content\/uploads\/2022\/04\/gallery-2-200x133.jpg 200w, https:\/\/www.belia.gr\/wp-content\/uploads\/2022\/04\/gallery-2-400x267.jpg 400w, https:\/\/www.belia.gr\/wp-content\/uploads\/2022\/04\/gallery-2-600x400.jpg 600w, https:\/\/www.belia.gr\/wp-content\/uploads\/2022\/04\/gallery-2-800x533.jpg 800w, https:\/\/www.belia.gr\/wp-content\/uploads\/2022\/04\/gallery-2-1200x800.jpg 1200w, https:\/\/www.belia.gr\/wp-content\/uploads\/2022\/04\/gallery-2.jpg 1500w\" data-sizes=\"auto\" data-orig-sizes=\"(min-width: 2200px) 100vw, (min-width: 712px) 598px, (min-width: 640px) 712px, \" \/><\/a><\/div><\/div><div style=\"padding:5px;\" class=\"fusion-grid-column fusion-gallery-column fusion-gallery-column-2 hover-type-zoomin\"><div class=\"fusion-gallery-image\"><a href=\"https:\/\/www.belia.gr\/wp-content\/uploads\/2022\/04\/gallery-1.jpg\" rel=\"noreferrer\" data-rel=\"iLightbox[gallery_image_1]\" class=\"fusion-lightbox\" target=\"_self\"><img decoding=\"async\" src=\"https:\/\/www.belia.gr\/wp-content\/uploads\/2022\/04\/gallery-1.jpg\" data-orig-src=\"https:\/\/www.belia.gr\/wp-content\/uploads\/2022\/04\/gallery-1.jpg\" width=\"1500\" height=\"1000\" alt=\"\" title=\"gallery (1)\" aria-label=\"gallery (1)\" class=\"lazyload img-responsive wp-image-909\" srcset=\"data:image\/svg+xml,%3Csvg%20xmlns%3D%27http%3A%2F%2Fwww.w3.org%2F2000%2Fsvg%27%20width%3D%271500%27%20height%3D%271000%27%20viewBox%3D%270%200%201500%201000%27%3E%3Crect%20width%3D%271500%27%20height%3D%271000%27%20fill-opacity%3D%220%22%2F%3E%3C%2Fsvg%3E\" data-srcset=\"https:\/\/www.belia.gr\/wp-content\/uploads\/2022\/04\/gallery-1-200x133.jpg 200w, https:\/\/www.belia.gr\/wp-content\/uploads\/2022\/04\/gallery-1-400x267.jpg 400w, https:\/\/www.belia.gr\/wp-content\/uploads\/2022\/04\/gallery-1-600x400.jpg 600w, https:\/\/www.belia.gr\/wp-content\/uploads\/2022\/04\/gallery-1-800x533.jpg 800w, https:\/\/www.belia.gr\/wp-content\/uploads\/2022\/04\/gallery-1-1200x800.jpg 1200w, https:\/\/www.belia.gr\/wp-content\/uploads\/2022\/04\/gallery-1.jpg 1500w\" data-sizes=\"auto\" data-orig-sizes=\"(min-width: 2200px) 100vw, (min-width: 712px) 598px, (min-width: 640px) 712px, \" \/><\/a><\/div><\/div><div class=\"clearfix\"><\/div><\/div><\/div><style type=\"text\/css\">.fusion-body .fusion-builder-column-1{width:50% !important;margin-top : 0px;margin-bottom : 0px;}.fusion-builder-column-1 > .fusion-column-wrapper {padding-top : 0px !important;padding-right : 0px !important;margin-right : 0%;padding-bottom : 0px !important;padding-left : 0px !important;margin-left : 3.84%;}@media only screen and (max-width:1024px) {.fusion-body .fusion-builder-column-1{width:50% !important;order : 0;}.fusion-builder-column-1 > .fusion-column-wrapper {margin-right : 0%;margin-left : 3.84%;}}@media only screen and (max-width:640px) {.fusion-body .fusion-builder-column-1{width:100% !important;order : 1;}.fusion-builder-column-1 > .fusion-column-wrapper {margin-right : 1.92%;margin-left : 1.92%;}}<\/style><\/div><div class=\"fusion-layout-column fusion_builder_column fusion-builder-column-2 fusion_builder_column_1_2 1_2 fusion-flex-column\"><div class=\"fusion-column-wrapper fusion-flex-justify-content-flex-start fusion-content-layout-column\" style=\"background-position:left top;background-repeat:no-repeat;-webkit-background-size:cover;-moz-background-size:cover;-o-background-size:cover;background-size:cover;padding: 20px 60px 20px 60px;\"><div class=\"fusion-text fusion-text-1 sm-text-align-center\"><p>Unser privater gebirgiger Olivenhain liegt au\u00dferhalb des kleinen Bergdorfs Mouzaki, in der Pr\u00e4fektur Messenia, am s\u00fcdwestlichen Peloponnes.<\/p>\n<p>Unser Olivenhain wird \u00f6kologisch kultiviert und beerntet. Auf einer Seeh\u00f6he von 500m\u00a0und nur 12 km vom ionischen Meer entfernt ist der Einsatz von Pestiziden und anderen Chemikalien nicht notwendig. Wir kultivieren ausschlie\u00dflich den Koroneiki Olivenbaum, der trotz seines niedrigen Ertrags von vielen als der K\u00f6nig unter den Oliven\u00f6l produzierenden Arten betrachtet wird.<\/p>\n<p>Unsere Olivenb\u00e4ume profitieren f\u00fcr ihr Wachstum von dem einzigartigen Mikro-Klima und der fruchtbaren Erde dieser gesegneten Region Griechenlands. Das st\u00e4ndige Vorhandensein eines Bienenstocks in unserem Feld (ein nat\u00fcrlicher Beweis f\u00fcr eine gesunde Umgebung) garantiert auch, dass all die Aromen der wilden Pflanzen und Kr\u00e4uter der Umgebung auf unsere Oliven-Fr\u00fcchte \u00fcbertragen werden.<\/p>\n<\/div><\/div><style type=\"text\/css\">.fusion-body .fusion-builder-column-2{width:50% !important;margin-top : 0px;margin-bottom : 0px;}.fusion-builder-column-2 > .fusion-column-wrapper {padding-top : 20px !important;padding-right : 60px !important;margin-right : 3.84%;padding-bottom : 20px !important;padding-left : 60px !important;margin-left : 0%;}@media only screen and (max-width:1024px) {.fusion-body .fusion-builder-column-2{width:50% !important;order : 0;}.fusion-builder-column-2 > .fusion-column-wrapper {margin-right : 3.84%;margin-left : 0%;}}@media only screen and (max-width:640px) {.fusion-body .fusion-builder-column-2{width:100% !important;order : 0;}.fusion-builder-column-2 > .fusion-column-wrapper {margin-right : 1.92%;margin-left : 1.92%;}}<\/style><\/div><\/div><style type=\"text\/css\">.fusion-body .fusion-flex-container.fusion-builder-row-2{ padding-top : 20px;margin-top : 0px;padding-right : 0px;padding-bottom : 20px;margin-bottom : 0px;padding-left : 20px;}<\/style><\/div>\n","protected":false},"excerpt":{"rendered":"Unser privater OlivenhainUnser privater gebirgiger Olivenhain liegt au\u00dferhalb des kleinen [...]","protected":false},"author":1,"featured_media":0,"parent":1150,"menu_order":2,"comment_status":"closed","ping_status":"closed","template":"100-width.php","meta":{"footnotes":""},"class_list":["post-1162","page","type-page","status-publish","hentry"],"acf":[],"yoast_head":"<!-- This site is optimized with the Yoast SEO Premium plugin v15.7 - https:\/\/yoast.com\/wordpress\/plugins\/seo\/ -->\n<title>Unser privater Olivenhain - Beli\u00e1 Premium Olive Oil<\/title>\n<meta name=\"robots\" content=\"index, follow, max-snippet:-1, max-image-preview:large, max-video-preview:-1\" \/>\n<link rel=\"canonical\" href=\"https:\/\/www.belia.gr\/de\/ueber-uns\/unser-privater-olivenhain\/\" \/>\n<meta property=\"og:locale\" content=\"de_DE\" \/>\n<meta property=\"og:type\" content=\"article\" \/>\n<meta property=\"og:title\" content=\"Unser privater Olivenhain - Beli\u00e1 Premium Olive Oil\" \/>\n<meta property=\"og:url\" content=\"https:\/\/www.belia.gr\/de\/ueber-uns\/unser-privater-olivenhain\/\" \/>\n<meta property=\"og:site_name\" content=\"Beli\u00e1 Premium Olive Oil\" \/>\n<meta property=\"article:modified_time\" content=\"2022-04-20T09:26:42+00:00\" \/>\n<meta name=\"twitter:card\" content=\"summary_large_image\" \/>\n<meta name=\"twitter:label1\" content=\"Gesch\u00e4tzte Lesezeit\">\n\t<meta name=\"twitter:data1\" content=\"11\u00a0Minuten\">\n<script type=\"application\/ld+json\" class=\"yoast-schema-graph\">{\"@context\":\"https:\/\/schema.org\",\"@graph\":[{\"@type\":\"Organization\",\"@id\":\"https:\/\/www.belia.gr\/de\/#organization\",\"name\":\"belia.gr\",\"url\":\"https:\/\/www.belia.gr\/de\/\",\"sameAs\":[],\"logo\":{\"@type\":\"ImageObject\",\"@id\":\"https:\/\/www.belia.gr\/de\/#logo\",\"inLanguage\":\"de\",\"url\":\"https:\/\/www.belia.gr\/wp-content\/uploads\/2022\/04\/belia_logo120x78.png\",\"width\":120,\"height\":78,\"caption\":\"belia.gr\"},\"image\":{\"@id\":\"https:\/\/www.belia.gr\/de\/#logo\"}},{\"@type\":\"WebSite\",\"@id\":\"https:\/\/www.belia.gr\/de\/#website\",\"url\":\"https:\/\/www.belia.gr\/de\/\",\"name\":\"Beli\\u00e1 Premium Olive Oil\",\"description\":\"Greek Bio Olive Oil\",\"publisher\":{\"@id\":\"https:\/\/www.belia.gr\/de\/#organization\"},\"potentialAction\":[{\"@type\":\"SearchAction\",\"target\":\"https:\/\/www.belia.gr\/de\/?s={search_term_string}\",\"query-input\":\"required name=search_term_string\"}],\"inLanguage\":\"de\"},{\"@type\":\"WebPage\",\"@id\":\"https:\/\/www.belia.gr\/de\/ueber-uns\/unser-privater-olivenhain\/#webpage\",\"url\":\"https:\/\/www.belia.gr\/de\/ueber-uns\/unser-privater-olivenhain\/\",\"name\":\"Unser privater Olivenhain - Beli\\u00e1 Premium Olive Oil\",\"isPartOf\":{\"@id\":\"https:\/\/www.belia.gr\/de\/#website\"},\"datePublished\":\"2022-04-19T13:14:12+00:00\",\"dateModified\":\"2022-04-20T09:26:42+00:00\",\"inLanguage\":\"de\",\"potentialAction\":[{\"@type\":\"ReadAction\",\"target\":[\"https:\/\/www.belia.gr\/de\/ueber-uns\/unser-privater-olivenhain\/\"]}]}]}<\/script>\n<!-- \/ Yoast SEO Premium plugin. -->","_links":{"self":[{"href":"https:\/\/www.belia.gr\/de\/wp-json\/wp\/v2\/pages\/1162","targetHints":{"allow":["GET"]}}],"collection":[{"href":"https:\/\/www.belia.gr\/de\/wp-json\/wp\/v2\/pages"}],"about":[{"href":"https:\/\/www.belia.gr\/de\/wp-json\/wp\/v2\/types\/page"}],"author":[{"embeddable":true,"href":"https:\/\/www.belia.gr\/de\/wp-json\/wp\/v2\/users\/1"}],"replies":[{"embeddable":true,"href":"https:\/\/www.belia.gr\/de\/wp-json\/wp\/v2\/comments?post=1162"}],"version-history":[{"count":4,"href":"https:\/\/www.belia.gr\/de\/wp-json\/wp\/v2\/pages\/1162\/revisions"}],"predecessor-version":[{"id":1168,"href":"https:\/\/www.belia.gr\/de\/wp-json\/wp\/v2\/pages\/1162\/revisions\/1168"}],"up":[{"embeddable":true,"href":"https:\/\/www.belia.gr\/de\/wp-json\/wp\/v2\/pages\/1150"}],"wp:attachment":[{"href":"https:\/\/www.belia.gr\/de\/wp-json\/wp\/v2\/media?parent=1162"}],"curies":[{"name":"wp","href":"https:\/\/api.w.org\/{rel}","templated":true}]}}