{"id":1169,"date":"2022-04-19T13:40:47","date_gmt":"2022-04-19T13:40:47","guid":{"rendered":"https:\/\/belia.digital-media.gr\/o-prasinos-chrysos-mas\/"},"modified":"2022-04-20T09:32:26","modified_gmt":"2022-04-20T09:32:26","slug":"unser-gruenes-gold","status":"publish","type":"page","link":"https:\/\/www.belia.gr\/de\/unser-gruenes-gold\/","title":{"rendered":"Unser \u201cgr\u00fcnes Gold\u201d"},"content":{"rendered":"<div class=\"fusion-fullwidth fullwidth-box fusion-builder-row-1 fusion-flex-container fusion-parallax-none nonhundred-percent-fullwidth non-hundred-percent-height-scrolling lazyload fusion-custom-z-index\" style=\"background-color: rgba(255,255,255,0);background-position: center bottom;background-repeat: no-repeat;border-width: 0px 0px 0px 0px;border-color:var(--awb-color3);border-style:solid;-webkit-background-size:cover;-moz-background-size:cover;-o-background-size:cover;background-size:cover;\" data-bg=\"https:\/\/belia.gr\/wp-content\/uploads\/2022\/04\/slide2.jpg\" ><div class=\"fusion-builder-row fusion-row fusion-flex-align-items-flex-start\" style=\"max-width:1248px;margin-left: calc(-4% \/ 2 );margin-right: calc(-4% \/ 2 );\"><div class=\"fusion-layout-column fusion_builder_column fusion-builder-column-0 fusion_builder_column_1_1 1_1 fusion-flex-column\"><div class=\"fusion-column-wrapper fusion-flex-justify-content-flex-start fusion-content-layout-column\" style=\"background-position:left top;background-repeat:no-repeat;-webkit-background-size:cover;-moz-background-size:cover;-o-background-size:cover;background-size:cover;background-color:rgba(0,0,0,0.42);padding: 0px 0px 0px 0px;\"><style type=\"text\/css\">@media only screen and (max-width:1024px) {.fusion-title.fusion-title-1{margin-top:20px!important; margin-right:0px!important;margin-bottom:20px!important;margin-left:0px!important;}}@media only screen and (max-width:640px) {.fusion-title.fusion-title-1{margin-top:10px!important; margin-right:0px!important;margin-bottom:10px!important; margin-left:0px!important;}}<\/style><div class=\"fusion-title title fusion-title-1 fusion-sep-none fusion-title-center fusion-title-text fusion-title-size-five\" style=\"font-size:40px;margin-top:20px;margin-right:0px;margin-bottom:20px;margin-left:0px;\"><h5 class=\"title-heading-center\" style=\"margin:0;font-size:1em;color:#ffffff;line-height:1em;\">Unser \u201cgr\u00fcnes Gold\u201d<\/h5><\/div><\/div><style type=\"text\/css\">.fusion-body .fusion-builder-column-0{width:100% !important;margin-top : 0px;margin-bottom : 413px;}.fusion-builder-column-0 > .fusion-column-wrapper {padding-top : 0px !important;padding-right : 0px !important;margin-right : 1.92%;padding-bottom : 0px !important;padding-left : 0px !important;margin-left : 1.92%;}@media only screen and (max-width:1024px) {.fusion-body .fusion-builder-column-0{width:100% !important;order : 0;margin-bottom : 0px;}.fusion-builder-column-0 > .fusion-column-wrapper {margin-right : 1.92%;margin-left : 1.92%;}}@media only screen and (max-width:640px) {.fusion-body .fusion-builder-column-0{width:100% !important;order : 0;}.fusion-builder-column-0 > .fusion-column-wrapper {margin-right : 1.92%;margin-left : 1.92%;}}<\/style><\/div><\/div><style type=\"text\/css\">.fusion-fullwidth.fusion-builder-row-1 { z-index:0 !important; }.fusion-body .fusion-flex-container.fusion-builder-row-1{ padding-top : 350px;margin-top : 0px;padding-right : 0px;padding-bottom : 0px;margin-bottom : 0px;padding-left : 0px;}@media only screen and (max-width:1024px) {.fusion-body .fusion-flex-container.fusion-builder-row-1{ padding-top : 200px;padding-bottom : 250px;}}@media only screen and (max-width:640px) {.fusion-body .fusion-flex-container.fusion-builder-row-1{ padding-top : 120px;padding-bottom : 200px;}}<\/style><\/div><div class=\"fusion-fullwidth fullwidth-box fusion-builder-row-2 fusion-flex-container hundred-percent-fullwidth non-hundred-percent-height-scrolling\" style=\"background-color: rgba(255,255,255,0);background-position: center center;background-repeat: no-repeat;border-width: 0px 0px 0px 0px;border-color:var(--awb-color3);border-style:solid;\" ><div class=\"fusion-builder-row fusion-row fusion-flex-align-items-stretch\" style=\"width:104% !important;max-width:104% !important;margin-left: calc(-4% \/ 2 );margin-right: calc(-4% \/ 2 );\"><div class=\"fusion-layout-column fusion_builder_column fusion-builder-column-1 fusion_builder_column_1_2 1_2 fusion-flex-column\"><div class=\"fusion-column-wrapper fusion-flex-justify-content-flex-start fusion-content-layout-column\" style=\"background-position:left center;background-repeat:no-repeat;-webkit-background-size:cover;-moz-background-size:cover;-o-background-size:cover;background-size:cover;padding: 0px 0px 0px 0px;\"><style type=\"text\/css\">.fusion-gallery-1 .fusion-gallery-image {border:0px solid var(--awb-color3);}<\/style><div class=\"fusion-gallery fusion-gallery-container fusion-grid-2 fusion-columns-total-4 fusion-gallery-layout-grid fusion-gallery-1\" style=\"margin:-5px;\"><div style=\"padding:5px;\" class=\"fusion-grid-column fusion-gallery-column fusion-gallery-column-2 hover-type-zoomin\"><div class=\"fusion-gallery-image\"><a href=\"https:\/\/www.belia.gr\/wp-content\/uploads\/2022\/04\/gallery-gold-1.jpg\" rel=\"noreferrer\" data-rel=\"iLightbox[gallery_image_1]\" class=\"fusion-lightbox\" target=\"_self\"><img decoding=\"async\" src=\"https:\/\/www.belia.gr\/wp-content\/uploads\/2022\/04\/gallery-gold-1.jpg\" data-orig-src=\"https:\/\/www.belia.gr\/wp-content\/uploads\/2022\/04\/gallery-gold-1.jpg\" width=\"650\" height=\"426\" alt=\"\" title=\"gallery-gold (1)\" aria-label=\"gallery-gold (1)\" class=\"lazyload img-responsive wp-image-946\" srcset=\"data:image\/svg+xml,%3Csvg%20xmlns%3D%27http%3A%2F%2Fwww.w3.org%2F2000%2Fsvg%27%20width%3D%27650%27%20height%3D%27426%27%20viewBox%3D%270%200%20650%20426%27%3E%3Crect%20width%3D%27650%27%20height%3D%27426%27%20fill-opacity%3D%220%22%2F%3E%3C%2Fsvg%3E\" data-srcset=\"https:\/\/www.belia.gr\/wp-content\/uploads\/2022\/04\/gallery-gold-1-200x131.jpg 200w, https:\/\/www.belia.gr\/wp-content\/uploads\/2022\/04\/gallery-gold-1-400x262.jpg 400w, https:\/\/www.belia.gr\/wp-content\/uploads\/2022\/04\/gallery-gold-1-600x393.jpg 600w, https:\/\/www.belia.gr\/wp-content\/uploads\/2022\/04\/gallery-gold-1.jpg 650w\" data-sizes=\"auto\" data-orig-sizes=\"(min-width: 2200px) 100vw, (min-width: 712px) 598px, (min-width: 640px) 712px, \" \/><\/a><\/div><\/div><div style=\"padding:5px;\" class=\"fusion-grid-column fusion-gallery-column fusion-gallery-column-2 hover-type-zoomin\"><div class=\"fusion-gallery-image\"><a href=\"https:\/\/www.belia.gr\/wp-content\/uploads\/2022\/04\/gallery-gold-2.jpg\" rel=\"noreferrer\" data-rel=\"iLightbox[gallery_image_1]\" class=\"fusion-lightbox\" target=\"_self\"><img decoding=\"async\" src=\"https:\/\/www.belia.gr\/wp-content\/uploads\/2022\/04\/gallery-gold-2.jpg\" data-orig-src=\"https:\/\/www.belia.gr\/wp-content\/uploads\/2022\/04\/gallery-gold-2.jpg\" width=\"650\" height=\"426\" alt=\"\" title=\"gallery-gold (2)\" aria-label=\"gallery-gold (2)\" class=\"lazyload img-responsive wp-image-949\" srcset=\"data:image\/svg+xml,%3Csvg%20xmlns%3D%27http%3A%2F%2Fwww.w3.org%2F2000%2Fsvg%27%20width%3D%27650%27%20height%3D%27426%27%20viewBox%3D%270%200%20650%20426%27%3E%3Crect%20width%3D%27650%27%20height%3D%27426%27%20fill-opacity%3D%220%22%2F%3E%3C%2Fsvg%3E\" data-srcset=\"https:\/\/www.belia.gr\/wp-content\/uploads\/2022\/04\/gallery-gold-2-200x131.jpg 200w, https:\/\/www.belia.gr\/wp-content\/uploads\/2022\/04\/gallery-gold-2-400x262.jpg 400w, https:\/\/www.belia.gr\/wp-content\/uploads\/2022\/04\/gallery-gold-2-600x393.jpg 600w, https:\/\/www.belia.gr\/wp-content\/uploads\/2022\/04\/gallery-gold-2.jpg 650w\" data-sizes=\"auto\" data-orig-sizes=\"(min-width: 2200px) 100vw, (min-width: 712px) 598px, (min-width: 640px) 712px, \" \/><\/a><\/div><\/div><div class=\"clearfix\"><\/div><div style=\"padding:5px;\" class=\"fusion-grid-column fusion-gallery-column fusion-gallery-column-2 hover-type-zoomin\"><div class=\"fusion-gallery-image\"><a href=\"https:\/\/www.belia.gr\/wp-content\/uploads\/2022\/04\/gallery-gold-3.jpg\" rel=\"noreferrer\" data-rel=\"iLightbox[gallery_image_1]\" class=\"fusion-lightbox\" target=\"_self\"><img decoding=\"async\" src=\"https:\/\/www.belia.gr\/wp-content\/uploads\/2022\/04\/gallery-gold-3.jpg\" data-orig-src=\"https:\/\/www.belia.gr\/wp-content\/uploads\/2022\/04\/gallery-gold-3.jpg\" width=\"650\" height=\"426\" alt=\"\" title=\"gallery-gold (3)\" aria-label=\"gallery-gold (3)\" class=\"lazyload img-responsive wp-image-952\" srcset=\"data:image\/svg+xml,%3Csvg%20xmlns%3D%27http%3A%2F%2Fwww.w3.org%2F2000%2Fsvg%27%20width%3D%27650%27%20height%3D%27426%27%20viewBox%3D%270%200%20650%20426%27%3E%3Crect%20width%3D%27650%27%20height%3D%27426%27%20fill-opacity%3D%220%22%2F%3E%3C%2Fsvg%3E\" data-srcset=\"https:\/\/www.belia.gr\/wp-content\/uploads\/2022\/04\/gallery-gold-3-200x131.jpg 200w, https:\/\/www.belia.gr\/wp-content\/uploads\/2022\/04\/gallery-gold-3-400x262.jpg 400w, https:\/\/www.belia.gr\/wp-content\/uploads\/2022\/04\/gallery-gold-3-600x393.jpg 600w, https:\/\/www.belia.gr\/wp-content\/uploads\/2022\/04\/gallery-gold-3.jpg 650w\" data-sizes=\"auto\" data-orig-sizes=\"(min-width: 2200px) 100vw, (min-width: 712px) 598px, (min-width: 640px) 712px, \" \/><\/a><\/div><\/div><div style=\"padding:5px;\" class=\"fusion-grid-column fusion-gallery-column fusion-gallery-column-2 hover-type-zoomin\"><div class=\"fusion-gallery-image\"><a href=\"https:\/\/www.belia.gr\/wp-content\/uploads\/2022\/04\/gallery-gold-4.jpg\" rel=\"noreferrer\" data-rel=\"iLightbox[gallery_image_1]\" class=\"fusion-lightbox\" target=\"_self\"><img decoding=\"async\" src=\"https:\/\/www.belia.gr\/wp-content\/uploads\/2022\/04\/gallery-gold-4.jpg\" data-orig-src=\"https:\/\/www.belia.gr\/wp-content\/uploads\/2022\/04\/gallery-gold-4.jpg\" width=\"650\" height=\"426\" alt=\"\" title=\"gallery-gold (4)\" aria-label=\"gallery-gold (4)\" class=\"lazyload img-responsive wp-image-955\" srcset=\"data:image\/svg+xml,%3Csvg%20xmlns%3D%27http%3A%2F%2Fwww.w3.org%2F2000%2Fsvg%27%20width%3D%27650%27%20height%3D%27426%27%20viewBox%3D%270%200%20650%20426%27%3E%3Crect%20width%3D%27650%27%20height%3D%27426%27%20fill-opacity%3D%220%22%2F%3E%3C%2Fsvg%3E\" data-srcset=\"https:\/\/www.belia.gr\/wp-content\/uploads\/2022\/04\/gallery-gold-4-200x131.jpg 200w, https:\/\/www.belia.gr\/wp-content\/uploads\/2022\/04\/gallery-gold-4-400x262.jpg 400w, https:\/\/www.belia.gr\/wp-content\/uploads\/2022\/04\/gallery-gold-4-600x393.jpg 600w, https:\/\/www.belia.gr\/wp-content\/uploads\/2022\/04\/gallery-gold-4.jpg 650w\" data-sizes=\"auto\" data-orig-sizes=\"(min-width: 2200px) 100vw, (min-width: 712px) 598px, (min-width: 640px) 712px, \" \/><\/a><\/div><\/div><div class=\"clearfix\"><\/div><\/div><\/div><style type=\"text\/css\">.fusion-body .fusion-builder-column-1{width:50% !important;margin-top : 0px;margin-bottom : 0px;}.fusion-builder-column-1 > .fusion-column-wrapper {padding-top : 0px !important;padding-right : 0px !important;margin-right : 0%;padding-bottom : 0px !important;padding-left : 0px !important;margin-left : 3.84%;}@media only screen and (max-width:1024px) {.fusion-body .fusion-builder-column-1{width:50% !important;order : 0;}.fusion-builder-column-1 > .fusion-column-wrapper {margin-right : 0%;margin-left : 3.84%;}}@media only screen and (max-width:640px) {.fusion-body .fusion-builder-column-1{width:100% !important;order : 1;}.fusion-builder-column-1 > .fusion-column-wrapper {margin-right : 1.92%;margin-left : 1.92%;}}<\/style><\/div><div class=\"fusion-layout-column fusion_builder_column fusion-builder-column-2 fusion_builder_column_1_2 1_2 fusion-flex-column\"><div class=\"fusion-column-wrapper fusion-flex-justify-content-flex-start fusion-content-layout-column\" style=\"background-position:left top;background-repeat:no-repeat;-webkit-background-size:cover;-moz-background-size:cover;-o-background-size:cover;background-size:cover;padding: 20px 60px 20px 60px;\"><div class=\"fusion-text fusion-text-1 sm-text-align-center\"><div>\n<p>Beli\u00e1 (ausgesprochen [beli\u00e1] ) ist ein zusammengesetztes Wort. Der Anfangsbuchstabe B steht f\u00fcr \u201eBiologiki\u201c, (das griechische Wort f\u00fcr \u00b4biologisch\u00b4) und eli\u00e1 (das griechische Wort f\u00fcr die Olive). B-eli\u00e1.<\/p>\n<p>Unser extra natives Oliven\u00f6l wird nur aus der Koroneiki-Variet\u00e4t des Olivenbaums extrahiert. Das hat den Grund, dass sie trotz ihres sehr niedrigen Ertrags eine der sehr wenigen (wenn nicht die einzige) Variet\u00e4ten\u00a0 ist, die ihr Aroma vom Tag der Extraktion bis zum letzten Haltbarkeitstag der Flasche beh\u00e4lt (*). So k\u00f6nnen Sie alles, bis zum letzten Tropfen, genie\u00dfen.<\/p>\n<p>Beli\u00e1 Extra Vergine Oliven\u00f6l zeichnet sich durch eine milde Fruchtigkeit und eine v\u00f6llige Ausgewogenheit zwischen bitteren und stechenden Elementen aus &#8211; genau das, was ein hochwertiges Oliven\u00f6l haben sollte. Frisch geschnittenes Gras, wilder Oregano und Thymian, Bergtee und zitronige Aromen erg\u00e4nzen den angenehmen und nachhaltigen Eindruck, den sie unseren Sinnen hinterlassen.<\/p>\n<p>Wir lesen unsere Oliven von Hand zur richtigen Zeit, \u00fcblicherweise sp\u00e4ter Oktober \u2013 fr\u00fcher November, gerade wenn sie beginnen ihre Farbe zu Purpur zu ver\u00e4ndern. Die gesammelten Oliven werden binnen weniger Stunden zu der Zwei-Phasen \u00d6l-M\u00fchle gebracht und dort sofort kalt gepresst, wobei die Temperatur 25\u00b0C nie \u00fcbersteigt. Auf diese Weise halten wir den Prozentsatz des S\u00e4uregehalts sehr niedrig (fast immer &lt;0,3 %), aber was am wichtigsten ist, unser \u00d6l beh\u00e4lt alle seine chemischen Elemente, die wertvollen Phenole, die es so nahrhaft und f\u00fcr die Gesundheit f\u00f6rderlich machen.<\/p>\n<p>Das Ergebnis der oben dargestellten Vorgangsweise ist ein exquisites Produkt auf das wir so stolz sind.<\/p>\n<\/div>\n<div><\/div>\n<div><em>(*) Um all seine g\u00fcnstigen Eigenschaften zu bewahren muss das Oliven\u00f6l an einem k\u00fchlen und dunklen Ort gelagert werden.<\/em><\/div>\n<\/div><\/div><style type=\"text\/css\">.fusion-body .fusion-builder-column-2{width:50% !important;margin-top : 0px;margin-bottom : 0px;}.fusion-builder-column-2 > .fusion-column-wrapper {padding-top : 20px !important;padding-right : 60px !important;margin-right : 3.84%;padding-bottom : 20px !important;padding-left : 60px !important;margin-left : 0%;}@media only screen and (max-width:1024px) {.fusion-body .fusion-builder-column-2{width:50% !important;order : 0;}.fusion-builder-column-2 > .fusion-column-wrapper {margin-right : 3.84%;margin-left : 0%;}}@media only screen and (max-width:640px) {.fusion-body .fusion-builder-column-2{width:100% !important;order : 0;}.fusion-builder-column-2 > .fusion-column-wrapper {margin-right : 1.92%;margin-left : 1.92%;}}<\/style><\/div><\/div><style type=\"text\/css\">.fusion-body .fusion-flex-container.fusion-builder-row-2{ padding-top : 20px;margin-top : 0px;padding-right : 0px;padding-bottom : 20px;margin-bottom : 0px;padding-left : 20px;}<\/style><\/div>\n","protected":false},"excerpt":{"rendered":"Unser \u201cgr\u00fcnes Gold\u201d Beli\u00e1 (ausgesprochen [beli\u00e1] ) ist ein zusammengesetztes [...]","protected":false},"author":1,"featured_media":0,"parent":0,"menu_order":9,"comment_status":"closed","ping_status":"closed","template":"100-width.php","meta":{"footnotes":""},"class_list":["post-1169","page","type-page","status-publish","hentry"],"acf":[],"yoast_head":"<!-- This site is optimized with the Yoast SEO Premium plugin v15.7 - https:\/\/yoast.com\/wordpress\/plugins\/seo\/ -->\n<title>Unser \u201cgr\u00fcnes Gold\u201d - Beli\u00e1 Premium Olive Oil<\/title>\n<meta name=\"robots\" content=\"index, follow, max-snippet:-1, max-image-preview:large, max-video-preview:-1\" \/>\n<link rel=\"canonical\" href=\"https:\/\/www.belia.gr\/de\/unser-gruenes-gold\/\" \/>\n<meta property=\"og:locale\" content=\"de_DE\" \/>\n<meta property=\"og:type\" content=\"article\" \/>\n<meta property=\"og:title\" content=\"Unser \u201cgr\u00fcnes Gold\u201d - Beli\u00e1 Premium Olive Oil\" \/>\n<meta property=\"og:url\" content=\"https:\/\/www.belia.gr\/de\/unser-gruenes-gold\/\" \/>\n<meta property=\"og:site_name\" content=\"Beli\u00e1 Premium Olive Oil\" \/>\n<meta property=\"article:modified_time\" content=\"2022-04-20T09:32:26+00:00\" \/>\n<meta name=\"twitter:card\" content=\"summary_large_image\" \/>\n<meta name=\"twitter:label1\" content=\"Gesch\u00e4tzte Lesezeit\">\n\t<meta name=\"twitter:data1\" content=\"11\u00a0Minuten\">\n<script type=\"application\/ld+json\" class=\"yoast-schema-graph\">{\"@context\":\"https:\/\/schema.org\",\"@graph\":[{\"@type\":\"Organization\",\"@id\":\"https:\/\/www.belia.gr\/de\/#organization\",\"name\":\"belia.gr\",\"url\":\"https:\/\/www.belia.gr\/de\/\",\"sameAs\":[],\"logo\":{\"@type\":\"ImageObject\",\"@id\":\"https:\/\/www.belia.gr\/de\/#logo\",\"inLanguage\":\"de\",\"url\":\"https:\/\/www.belia.gr\/wp-content\/uploads\/2022\/04\/belia_logo120x78.png\",\"width\":120,\"height\":78,\"caption\":\"belia.gr\"},\"image\":{\"@id\":\"https:\/\/www.belia.gr\/de\/#logo\"}},{\"@type\":\"WebSite\",\"@id\":\"https:\/\/www.belia.gr\/de\/#website\",\"url\":\"https:\/\/www.belia.gr\/de\/\",\"name\":\"Beli\\u00e1 Premium Olive Oil\",\"description\":\"Greek Bio Olive Oil\",\"publisher\":{\"@id\":\"https:\/\/www.belia.gr\/de\/#organization\"},\"potentialAction\":[{\"@type\":\"SearchAction\",\"target\":\"https:\/\/www.belia.gr\/de\/?s={search_term_string}\",\"query-input\":\"required name=search_term_string\"}],\"inLanguage\":\"de\"},{\"@type\":\"WebPage\",\"@id\":\"https:\/\/www.belia.gr\/de\/unser-gruenes-gold\/#webpage\",\"url\":\"https:\/\/www.belia.gr\/de\/unser-gruenes-gold\/\",\"name\":\"Unser \\u201cgr\\u00fcnes Gold\\u201d - Beli\\u00e1 Premium Olive Oil\",\"isPartOf\":{\"@id\":\"https:\/\/www.belia.gr\/de\/#website\"},\"datePublished\":\"2022-04-19T13:40:47+00:00\",\"dateModified\":\"2022-04-20T09:32:26+00:00\",\"inLanguage\":\"de\",\"potentialAction\":[{\"@type\":\"ReadAction\",\"target\":[\"https:\/\/www.belia.gr\/de\/unser-gruenes-gold\/\"]}]}]}<\/script>\n<!-- \/ Yoast SEO Premium plugin. -->","_links":{"self":[{"href":"https:\/\/www.belia.gr\/de\/wp-json\/wp\/v2\/pages\/1169","targetHints":{"allow":["GET"]}}],"collection":[{"href":"https:\/\/www.belia.gr\/de\/wp-json\/wp\/v2\/pages"}],"about":[{"href":"https:\/\/www.belia.gr\/de\/wp-json\/wp\/v2\/types\/page"}],"author":[{"embeddable":true,"href":"https:\/\/www.belia.gr\/de\/wp-json\/wp\/v2\/users\/1"}],"replies":[{"embeddable":true,"href":"https:\/\/www.belia.gr\/de\/wp-json\/wp\/v2\/comments?post=1169"}],"version-history":[{"count":3,"href":"https:\/\/www.belia.gr\/de\/wp-json\/wp\/v2\/pages\/1169\/revisions"}],"predecessor-version":[{"id":1178,"href":"https:\/\/www.belia.gr\/de\/wp-json\/wp\/v2\/pages\/1169\/revisions\/1178"}],"wp:attachment":[{"href":"https:\/\/www.belia.gr\/de\/wp-json\/wp\/v2\/media?parent=1169"}],"curies":[{"name":"wp","href":"https:\/\/api.w.org\/{rel}","templated":true}]}}