{"id":1209,"date":"2022-04-19T16:14:33","date_gmt":"2022-04-19T16:14:33","guid":{"rendered":"https:\/\/belia.digital-media.gr\/exairetiko-partheno-elaiolado\/"},"modified":"2022-04-20T10:21:35","modified_gmt":"2022-04-20T10:21:35","slug":"extra-natives-olivenoel","status":"publish","type":"page","link":"https:\/\/www.belia.gr\/de\/extra-natives-olivenoel\/","title":{"rendered":"Extra natives Oliven\u00f6l"},"content":{"rendered":"<div class=\"fusion-fullwidth fullwidth-box fusion-builder-row-1 fusion-flex-container fusion-parallax-none nonhundred-percent-fullwidth non-hundred-percent-height-scrolling lazyload fusion-custom-z-index\" style=\"background-color: rgba(255,255,255,0);background-position: center bottom;background-repeat: no-repeat;border-width: 0px 0px 0px 0px;border-color:var(--awb-color3);border-style:solid;-webkit-background-size:cover;-moz-background-size:cover;-o-background-size:cover;background-size:cover;\" data-bg=\"https:\/\/belia.gr\/wp-content\/uploads\/2022\/04\/best-olive-oil-saveur.jpg\" ><div class=\"fusion-builder-row fusion-row fusion-flex-align-items-flex-start\" style=\"max-width:1248px;margin-left: calc(-4% \/ 2 );margin-right: calc(-4% \/ 2 );\"><div class=\"fusion-layout-column fusion_builder_column fusion-builder-column-0 fusion_builder_column_1_1 1_1 fusion-flex-column\"><div class=\"fusion-column-wrapper fusion-flex-justify-content-flex-start fusion-content-layout-column\" style=\"background-position:left top;background-repeat:no-repeat;-webkit-background-size:cover;-moz-background-size:cover;-o-background-size:cover;background-size:cover;background-color:rgba(0,0,0,0.42);padding: 0px 0px 0px 0px;\"><style type=\"text\/css\">@media only screen and (max-width:1024px) {.fusion-title.fusion-title-1{margin-top:20px!important; margin-right:0px!important;margin-bottom:20px!important;margin-left:0px!important;}}@media only screen and (max-width:640px) {.fusion-title.fusion-title-1{margin-top:10px!important; margin-right:0px!important;margin-bottom:10px!important; margin-left:0px!important;}}<\/style><div class=\"fusion-title title fusion-title-1 fusion-sep-none fusion-title-center fusion-title-text fusion-title-size-five\" style=\"font-size:40px;margin-top:20px;margin-right:0px;margin-bottom:20px;margin-left:0px;\"><h5 class=\"title-heading-center\" style=\"margin:0;font-size:1em;color:#ffffff;line-height:1em;\">Extra natives Oliven\u00f6l<\/h5><\/div><\/div><style type=\"text\/css\">.fusion-body .fusion-builder-column-0{width:100% !important;margin-top : 0px;margin-bottom : 413px;}.fusion-builder-column-0 > .fusion-column-wrapper {padding-top : 0px !important;padding-right : 0px !important;margin-right : 1.92%;padding-bottom : 0px !important;padding-left : 0px !important;margin-left : 1.92%;}@media only screen and (max-width:1024px) {.fusion-body .fusion-builder-column-0{width:100% !important;order : 0;margin-bottom : 0px;}.fusion-builder-column-0 > .fusion-column-wrapper {margin-right : 1.92%;margin-left : 1.92%;}}@media only screen and (max-width:640px) {.fusion-body .fusion-builder-column-0{width:100% !important;order : 0;}.fusion-builder-column-0 > .fusion-column-wrapper {margin-right : 1.92%;margin-left : 1.92%;}}<\/style><\/div><\/div><style type=\"text\/css\">.fusion-fullwidth.fusion-builder-row-1 { z-index:0 !important; }.fusion-body .fusion-flex-container.fusion-builder-row-1{ padding-top : 350px;margin-top : 0px;padding-right : 0px;padding-bottom : 0px;margin-bottom : 0px;padding-left : 0px;}@media only screen and (max-width:1024px) {.fusion-body .fusion-flex-container.fusion-builder-row-1{ padding-top : 200px;padding-bottom : 250px;}}@media only screen and (max-width:640px) {.fusion-body .fusion-flex-container.fusion-builder-row-1{ padding-top : 120px;padding-bottom : 200px;}}<\/style><\/div><div class=\"fusion-fullwidth fullwidth-box fusion-builder-row-2 fusion-flex-container hundred-percent-fullwidth non-hundred-percent-height-scrolling\" style=\"background-color: rgba(255,255,255,0);background-position: center center;background-repeat: no-repeat;border-width: 0px 0px 0px 0px;border-color:var(--awb-color3);border-style:solid;\" ><div class=\"fusion-builder-row fusion-row fusion-flex-align-items-stretch\" style=\"width:104% !important;max-width:104% !important;margin-left: calc(-4% \/ 2 );margin-right: calc(-4% \/ 2 );\"><div class=\"fusion-layout-column fusion_builder_column fusion-builder-column-1 fusion_builder_column_1_1 1_1 fusion-flex-column\"><div class=\"fusion-column-wrapper fusion-flex-justify-content-flex-start fusion-content-layout-column\" style=\"background-position:left top;background-repeat:no-repeat;-webkit-background-size:cover;-moz-background-size:cover;-o-background-size:cover;background-size:cover;padding: 0px 0px 0px 0px;\"><div class=\"fusion-text fusion-text-1\"><div><strong>Ein paar Worte \u00fcber Oliven\u00f6l<\/strong><\/div>\n<p>\u00a0<\/p>\n<div>Einfach ausgedr\u00fcckt ist Oliven\u00f6l der Extrakt der Oliven-Frucht. Oliven werden von den B\u00e4umen geerntet, zur \u00d6lm\u00fchle gebracht und gepresst. Von da an wird Oliven\u00f6l haupts\u00e4chlich (aber nicht nur) nach seinem Gehalt an freier \u00d6ls\u00e4ure pro 100 gr (S\u00e4uregehalt in %) kategorisiert. Je niedriger dieser Grad desto reiner das Oliven\u00f6l.\u00a0<strong>Extra natives Oliven\u00f6l<\/strong>\u00a0ist das nicht raffinierte Oliven\u00f6l mit einem S\u00e4ure-Prozentsatz von weniger als 0,8 (&lt;0,8%). Mit einem fruchtigen Aroma und einem bitteren und scharfen Geschmack ist dies das einzige \u00d6l, das Sie in Ihrer K\u00fcche ben\u00f6tigen.<\/div>\n<p>\u00a0<\/p>\n<div>Worauf Sie in einem guten nativen \u00d6l schauen sollen ist Folgendes:<\/p>\n<p><strong>Fruchtigkeit<\/strong>: angenehme, w\u00fcrzige Fruchtaromen, charakteristisch f\u00fcr frische reife oder gr\u00fcne Oliven<br \/><strong>Bitterkeit<\/strong>: (eine gute Sache soweit es Oliven\u00f6l betrifft), die eine \u00fcberwiegend angenehme bittere Empfindung auf der Zunge hervorruft.<br \/><strong>Sch\u00e4rfe<\/strong>: erzeugt eine pfefferige Empfindung im Mund und im Hals.<br \/>Und am wichtigsten:\u00a0<strong>Ausgewogenheit<\/strong>. \u00a0Ein ausgewogenes Verh\u00e4ltnis zwischen allen genannten Eigenschaften.<br \/>\u00a0<\/div>\n<div><strong>Gesundheitliche Vorteile einer an nativem Oliven\u00f6l reichen Ern\u00e4hrung.<\/strong><br \/>\u00a0<\/div>\n<div>Natives Oliven\u00f6l ist eines der sehr wenigen (wenn nicht das einzige) GESUNDEN Fette. Dar\u00fcber sind sich alle einig. Die weltber\u00fchmte\u00a0<strong>Mediterrane Di\u00e4t<\/strong>, die in der\u00a0<strong>UNESCO<\/strong>&#8211; Liste des immateriellen Kulturerbes angef\u00fchrt wird, hat natives Oliven\u00f6l als integrierenden Bestandteil. Es f\u00f6rdert ein gesundes Leben und sch\u00fctzt nachgewiesener Ma\u00dfen unseren K\u00f6rper vor vielen Krankheiten. Hier sind einige wenige (von vielen) Fakten:<\/p>\n<p>&#8211; Der t\u00e4gliche Verzehr kann dazu beitragen, das Risiko einer\u00a0<strong>Herzerkrankung<\/strong>\u00a0zu mindern indem der Spiegel von LDL-Cholesterin und von Triglyzeriden gesenkt wird.<br \/>&#8211; Oleocanthal und Oleacein, nat\u00fcrliche chemische Bestandteile eines guten nativen Oliven\u00f6ls, haben entz\u00fcndungshemmende und antioxidantische Eigenschaften, die dazu beitragen k\u00f6nnen, das Risiko verschiedener\u00a0<strong>Krebsformen<\/strong>\u00a0zu senken.<br \/>&#8211; Studien weisen auch darauf hin, dass der regelm\u00e4\u00dfige Verzehr von Oliven\u00f6l helfen kann, sowohl den systolischen als auch den diastolischen\u00a0<strong>Blutdruck<\/strong>\u00a0zu senken.<br \/>&#8211; Es wurde auch gezeigt, dass eine an nativem Oliven\u00f6l reiche Di\u00e4t, die wenig ges\u00e4ttigte Fette enth\u00e4lt, und reich an Kohlehydraten und l\u00f6slichen Fasern von Fr\u00fcchten, Gem\u00fcse, H\u00fclsenfr\u00fcchten und K\u00f6rnern ist, den wirkungsvollste Weg f\u00fcr\u00a0<strong>Diabetiker<\/strong>\u00a0darstellt.<br \/>&#8211; Natives Oliven\u00f6l\u00a0<strong>wirkt auch f\u00fcr Babys Wunder<\/strong>. Es ist leicht verdaulich, unterst\u00fctzt die Magenfunktion und verhindert Verstopfung und Koliken. Es unterst\u00fctzt auch die f\u00fcr Babys und wachsende Kinder so wichtige Vitamin D-Aufnahme. Und mehr\u2026<\/p>\n<p>&#8211; Und \u201clast but not least\u201d, vergessen wir nicht, dass natives Oliven\u00f6l im Alten Griechenland Jahrhunderte lang zu\u00a0<strong>kosmetischen Zwecken<\/strong>\u00a0verwendet wurde.<br \/>Vom Gesichtspeeling, Make-up Entferner, zum \u201ehair shining\u201c und \u201estrengthening\u201c \u2026 die Liste ist lang!\u00a0 Kein Wunder, dass so viele moderne Beauty-Produkte natives Oliven\u00f6l als ihren Hauptbestandteil haben.<\/div>\n<\/div><\/div><style type=\"text\/css\">.fusion-body .fusion-builder-column-1{width:100% !important;margin-top : 0px;margin-bottom : 20px;}.fusion-builder-column-1 > .fusion-column-wrapper {padding-top : 0px !important;padding-right : 0px !important;margin-right : 1.92%;padding-bottom : 0px !important;padding-left : 0px !important;margin-left : 1.92%;}@media only screen and (max-width:1024px) {.fusion-body .fusion-builder-column-1{width:100% !important;order : 0;}.fusion-builder-column-1 > .fusion-column-wrapper {margin-right : 1.92%;margin-left : 1.92%;}}@media only screen and (max-width:640px) {.fusion-body .fusion-builder-column-1{width:100% !important;order : 0;}.fusion-builder-column-1 > .fusion-column-wrapper {margin-right : 1.92%;margin-left : 1.92%;}}<\/style><\/div><\/div><style type=\"text\/css\">.fusion-body .fusion-flex-container.fusion-builder-row-2{ padding-top : 20px;margin-top : 0px;padding-right : 0px;padding-bottom : 20px;margin-bottom : 0px;padding-left : 20px;}<\/style><\/div>\n","protected":false},"excerpt":{"rendered":"Extra natives Oliven\u00f6lEin paar Worte \u00fcber Oliven\u00f6l \u00a0 Einfach ausgedr\u00fcckt [...]","protected":false},"author":1,"featured_media":0,"parent":0,"menu_order":7,"comment_status":"closed","ping_status":"closed","template":"100-width.php","meta":{"footnotes":""},"class_list":["post-1209","page","type-page","status-publish","hentry"],"acf":[],"yoast_head":"<!-- This site is optimized with the Yoast SEO Premium plugin v15.7 - https:\/\/yoast.com\/wordpress\/plugins\/seo\/ -->\n<title>Extra natives Oliven\u00f6l - Beli\u00e1 Premium Olive Oil<\/title>\n<meta name=\"robots\" content=\"index, follow, max-snippet:-1, max-image-preview:large, max-video-preview:-1\" \/>\n<link rel=\"canonical\" href=\"https:\/\/www.belia.gr\/de\/extra-natives-olivenoel\/\" \/>\n<meta property=\"og:locale\" content=\"de_DE\" \/>\n<meta property=\"og:type\" content=\"article\" \/>\n<meta property=\"og:title\" content=\"Extra natives Oliven\u00f6l - Beli\u00e1 Premium Olive Oil\" \/>\n<meta property=\"og:url\" content=\"https:\/\/www.belia.gr\/de\/extra-natives-olivenoel\/\" \/>\n<meta property=\"og:site_name\" content=\"Beli\u00e1 Premium Olive Oil\" \/>\n<meta property=\"article:modified_time\" content=\"2022-04-20T10:21:35+00:00\" \/>\n<meta name=\"twitter:card\" content=\"summary_large_image\" \/>\n<meta name=\"twitter:label1\" content=\"Gesch\u00e4tzte Lesezeit\">\n\t<meta name=\"twitter:data1\" content=\"10\u00a0Minuten\">\n<script type=\"application\/ld+json\" class=\"yoast-schema-graph\">{\"@context\":\"https:\/\/schema.org\",\"@graph\":[{\"@type\":\"Organization\",\"@id\":\"https:\/\/www.belia.gr\/de\/#organization\",\"name\":\"belia.gr\",\"url\":\"https:\/\/www.belia.gr\/de\/\",\"sameAs\":[],\"logo\":{\"@type\":\"ImageObject\",\"@id\":\"https:\/\/www.belia.gr\/de\/#logo\",\"inLanguage\":\"de\",\"url\":\"https:\/\/www.belia.gr\/wp-content\/uploads\/2022\/04\/belia_logo120x78.png\",\"width\":120,\"height\":78,\"caption\":\"belia.gr\"},\"image\":{\"@id\":\"https:\/\/www.belia.gr\/de\/#logo\"}},{\"@type\":\"WebSite\",\"@id\":\"https:\/\/www.belia.gr\/de\/#website\",\"url\":\"https:\/\/www.belia.gr\/de\/\",\"name\":\"Beli\\u00e1 Premium Olive Oil\",\"description\":\"Greek Bio Olive Oil\",\"publisher\":{\"@id\":\"https:\/\/www.belia.gr\/de\/#organization\"},\"potentialAction\":[{\"@type\":\"SearchAction\",\"target\":\"https:\/\/www.belia.gr\/de\/?s={search_term_string}\",\"query-input\":\"required name=search_term_string\"}],\"inLanguage\":\"de\"},{\"@type\":\"WebPage\",\"@id\":\"https:\/\/www.belia.gr\/de\/extra-natives-olivenoel\/#webpage\",\"url\":\"https:\/\/www.belia.gr\/de\/extra-natives-olivenoel\/\",\"name\":\"Extra natives Oliven\\u00f6l - Beli\\u00e1 Premium Olive Oil\",\"isPartOf\":{\"@id\":\"https:\/\/www.belia.gr\/de\/#website\"},\"datePublished\":\"2022-04-19T16:14:33+00:00\",\"dateModified\":\"2022-04-20T10:21:35+00:00\",\"inLanguage\":\"de\",\"potentialAction\":[{\"@type\":\"ReadAction\",\"target\":[\"https:\/\/www.belia.gr\/de\/extra-natives-olivenoel\/\"]}]}]}<\/script>\n<!-- \/ Yoast SEO Premium plugin. -->","_links":{"self":[{"href":"https:\/\/www.belia.gr\/de\/wp-json\/wp\/v2\/pages\/1209","targetHints":{"allow":["GET"]}}],"collection":[{"href":"https:\/\/www.belia.gr\/de\/wp-json\/wp\/v2\/pages"}],"about":[{"href":"https:\/\/www.belia.gr\/de\/wp-json\/wp\/v2\/types\/page"}],"author":[{"embeddable":true,"href":"https:\/\/www.belia.gr\/de\/wp-json\/wp\/v2\/users\/1"}],"replies":[{"embeddable":true,"href":"https:\/\/www.belia.gr\/de\/wp-json\/wp\/v2\/comments?post=1209"}],"version-history":[{"count":3,"href":"https:\/\/www.belia.gr\/de\/wp-json\/wp\/v2\/pages\/1209\/revisions"}],"predecessor-version":[{"id":1212,"href":"https:\/\/www.belia.gr\/de\/wp-json\/wp\/v2\/pages\/1209\/revisions\/1212"}],"wp:attachment":[{"href":"https:\/\/www.belia.gr\/de\/wp-json\/wp\/v2\/media?parent=1209"}],"curies":[{"name":"wp","href":"https:\/\/api.w.org\/{rel}","templated":true}]}}